{"id":22802,"date":"2019-04-02T20:24:52","date_gmt":"2019-04-02T20:24:52","guid":{"rendered":"http:\/\/falasport.pl\/?page_id=22802"},"modified":"2020-08-29T15:38:43","modified_gmt":"2020-08-29T15:38:43","slug":"blog","status":"publish","type":"page","link":"https:\/\/uksfala.com.pl\/szkola-plywania\/blog\/","title":{"rendered":"Blog"},"content":{"rendered":"<section class=\"l-section wpb_row height_medium\"><div class=\"l-section-h i-cf\"><div class=\"g-cols vc_row via_flex valign_top type_default stacking_default\"><div class=\"vc_col-sm-12 wpb_column vc_column_container\"><div class=\"vc_column-inner\"><div class=\"wpb_wrapper\"><div class=\"w-grid type_grid layout_23309 cols_3 with_pagination\" id=\"us_grid_1\" data-filterable=\"true\"><style>#us_grid_1 .w-grid-item{padding:1.5rem}#us_grid_1 .w-grid-list{margin:-1.5rem -1.5rem 1.5rem}.w-grid + #us_grid_1 .w-grid-list,.w-grid-none + #us_grid_1 .w-grid-list{margin-top:1.5rem}@media (max-width:899px){#us_grid_1 .w-grid-item{width:50%}}@media (max-width:599px){#us_grid_1 .w-grid-list{margin:0}#us_grid_1 .w-grid-item{width:100%;padding:0;margin-bottom:1.5rem}}.layout_23309 .w-grid-item-h{}.layout_23309 .usg_post_image_1{margin-bottom:1rem!important}.layout_23309 .usg_post_title_1{margin-bottom:1rem!important}<\/style><div class=\"w-grid-list\">\t<article class=\"w-grid-item post-23162 post type-post status-publish format-standard has-post-thumbnail hentry category-obozy category-wydarzenia\" data-id=\"23162\">\r\n\t\t<div class=\"w-grid-item-h\">\r\n\t\t\t\t\t\t<div class=\"w-post-elm post_image usg_post_image_1 stretched\"><a href=\"https:\/\/uksfala.com.pl\/szkola-plywania\/sportowy-oboz-bieszczady-2020\/\" aria-label=\"Sportowy Ob\u00f3z Bieszczady 2020\"><img width=\"350\" height=\"350\" src=\"https:\/\/uksfala.com.pl\/szkola-plywania\/wp-content\/uploads\/2020\/07\/62053701-fc99-4ad4-9494-bcd9d578bb98-350x350.jpg\" class=\"attachment-us_350_350_crop size-us_350_350_crop wp-post-image\" alt=\"\" loading=\"lazy\" srcset=\"https:\/\/uksfala.com.pl\/szkola-plywania\/wp-content\/uploads\/2020\/07\/62053701-fc99-4ad4-9494-bcd9d578bb98-350x350.jpg 350w, https:\/\/uksfala.com.pl\/szkola-plywania\/wp-content\/uploads\/2020\/07\/62053701-fc99-4ad4-9494-bcd9d578bb98-150x150.jpg 150w, https:\/\/uksfala.com.pl\/szkola-plywania\/wp-content\/uploads\/2020\/07\/62053701-fc99-4ad4-9494-bcd9d578bb98-600x600.jpg 600w\" sizes=\"(max-width: 350px) 100vw, 350px\" \/><\/a><\/div><h2 class=\"w-post-elm post_title usg_post_title_1 entry-title color_link_inherit\"><a href=\"https:\/\/uksfala.com.pl\/szkola-plywania\/sportowy-oboz-bieszczady-2020\/\">Sportowy Ob\u00f3z Bieszczady 2020<\/a><\/h2>\t\t<\/div>\r\n\t<\/article>\r\n\t<article class=\"w-grid-item size_1x1 post-23136 post type-post status-publish format-standard has-post-thumbnail hentry category-wydarzenia\" data-id=\"23136\">\r\n\t\t<div class=\"w-grid-item-h\">\r\n\t\t\t\t\t\t<div class=\"w-post-elm post_image usg_post_image_1 stretched\"><a href=\"https:\/\/uksfala.com.pl\/szkola-plywania\/sportowe-polkolonie-rowerowo-plywackie\/\" aria-label=\"Sportowe P\u00f3\u0142kolonie Rowerowo &#8211; P\u0142ywackie\"><img width=\"350\" height=\"350\" src=\"https:\/\/uksfala.com.pl\/szkola-plywania\/wp-content\/uploads\/2020\/06\/P\u00f3\u0142kolonie-sportowe-dla-dzieci-350x350.jpg\" class=\"attachment-us_350_350_crop size-us_350_350_crop wp-post-image\" alt=\"\" loading=\"lazy\" srcset=\"https:\/\/uksfala.com.pl\/szkola-plywania\/wp-content\/uploads\/2020\/06\/P\u00f3\u0142kolonie-sportowe-dla-dzieci-350x350.jpg 350w, https:\/\/uksfala.com.pl\/szkola-plywania\/wp-content\/uploads\/2020\/06\/P\u00f3\u0142kolonie-sportowe-dla-dzieci-150x150.jpg 150w, https:\/\/uksfala.com.pl\/szkola-plywania\/wp-content\/uploads\/2020\/06\/P\u00f3\u0142kolonie-sportowe-dla-dzieci-300x300.jpg 300w, https:\/\/uksfala.com.pl\/szkola-plywania\/wp-content\/uploads\/2020\/06\/P\u00f3\u0142kolonie-sportowe-dla-dzieci.jpg 433w\" sizes=\"(max-width: 350px) 100vw, 350px\" \/><\/a><\/div><h2 class=\"w-post-elm post_title usg_post_title_1 entry-title color_link_inherit\"><a href=\"https:\/\/uksfala.com.pl\/szkola-plywania\/sportowe-polkolonie-rowerowo-plywackie\/\">Sportowe P\u00f3\u0142kolonie Rowerowo &#8211; P\u0142ywackie<\/a><\/h2>\t\t<\/div>\r\n\t<\/article>\r\n\t<article class=\"w-grid-item post-23131 post type-post status-publish format-standard has-post-thumbnail hentry category-wydarzenia\" data-id=\"23131\">\r\n\t\t<div class=\"w-grid-item-h\">\r\n\t\t\t\t\t\t<div class=\"w-post-elm post_image usg_post_image_1 stretched\"><a href=\"https:\/\/uksfala.com.pl\/szkola-plywania\/odwolanezajecia\/\" aria-label=\"Odwo\u0142ane zaj\u0119cia w dniach  12.03.2020 &#8211; 25.03.2020r.\"><img width=\"350\" height=\"350\" src=\"https:\/\/uksfala.com.pl\/szkola-plywania\/wp-content\/uploads\/2020\/03\/01d7e79b-7f75-40ae-bcb3-9326e972f7f4-350x350.jpg\" class=\"attachment-us_350_350_crop size-us_350_350_crop wp-post-image\" alt=\"\" loading=\"lazy\" srcset=\"https:\/\/uksfala.com.pl\/szkola-plywania\/wp-content\/uploads\/2020\/03\/01d7e79b-7f75-40ae-bcb3-9326e972f7f4-350x350.jpg 350w, https:\/\/uksfala.com.pl\/szkola-plywania\/wp-content\/uploads\/2020\/03\/01d7e79b-7f75-40ae-bcb3-9326e972f7f4-150x150.jpg 150w, https:\/\/uksfala.com.pl\/szkola-plywania\/wp-content\/uploads\/2020\/03\/01d7e79b-7f75-40ae-bcb3-9326e972f7f4-600x600.jpg 600w\" sizes=\"(max-width: 350px) 100vw, 350px\" \/><\/a><\/div><h2 class=\"w-post-elm post_title usg_post_title_1 entry-title color_link_inherit\"><a href=\"https:\/\/uksfala.com.pl\/szkola-plywania\/odwolanezajecia\/\">Odwo\u0142ane zaj\u0119cia w dniach  12.03.2020 &#8211; 25.03.2020r.<\/a><\/h2>\t\t<\/div>\r\n\t<\/article>\r\n\t<article class=\"w-grid-item post-23123 post type-post status-publish format-standard has-post-thumbnail hentry category-obozy category-wyjazdy-zimowe\" data-id=\"23123\">\r\n\t\t<div class=\"w-grid-item-h\">\r\n\t\t\t\t\t\t<div class=\"w-post-elm post_image usg_post_image_1 stretched\"><a href=\"https:\/\/uksfala.com.pl\/szkola-plywania\/oboz-narciarsko-plywacki-15-02-22-02-bieszczady\/\" aria-label=\"Ob\u00f3z narciarsko-p\u0142ywacki 15.02-22.02 Bieszczady\"><img width=\"350\" height=\"350\" src=\"https:\/\/uksfala.com.pl\/szkola-plywania\/wp-content\/uploads\/2020\/01\/81351251_1221724258017155_5487178332501966848_n-350x350.jpg\" class=\"attachment-us_350_350_crop size-us_350_350_crop wp-post-image\" alt=\"\" loading=\"lazy\" srcset=\"https:\/\/uksfala.com.pl\/szkola-plywania\/wp-content\/uploads\/2020\/01\/81351251_1221724258017155_5487178332501966848_n-350x350.jpg 350w, https:\/\/uksfala.com.pl\/szkola-plywania\/wp-content\/uploads\/2020\/01\/81351251_1221724258017155_5487178332501966848_n-150x150.jpg 150w, https:\/\/uksfala.com.pl\/szkola-plywania\/wp-content\/uploads\/2020\/01\/81351251_1221724258017155_5487178332501966848_n-600x600.jpg 600w\" sizes=\"(max-width: 350px) 100vw, 350px\" \/><\/a><\/div><h2 class=\"w-post-elm post_title usg_post_title_1 entry-title color_link_inherit\"><a href=\"https:\/\/uksfala.com.pl\/szkola-plywania\/oboz-narciarsko-plywacki-15-02-22-02-bieszczady\/\">Ob\u00f3z narciarsko-p\u0142ywacki 15.02-22.02 Bieszczady<\/a><\/h2>\t\t<\/div>\r\n\t<\/article>\r\n\t<article class=\"w-grid-item size_1x1 post-23104 post type-post status-publish format-standard has-post-thumbnail hentry category-wyjazdy-letnie\" data-id=\"23104\">\r\n\t\t<div class=\"w-grid-item-h\">\r\n\t\t\t\t\t\t<div class=\"w-post-elm post_image usg_post_image_1 stretched\"><a href=\"https:\/\/uksfala.com.pl\/szkola-plywania\/mikolajkowe-zawody-o-puchar-wojta-gminy-nieporet\/\" aria-label=\"Miko\u0142ajkowe Zawody o Puchar W\u00f3jta Gminy Niepor\u0119t\"><img width=\"350\" height=\"350\" src=\"https:\/\/uksfala.com.pl\/szkola-plywania\/wp-content\/uploads\/2019\/12\/5033682c-0a54-479a-96a3-4178161e5cff-2-350x350.jpg\" class=\"attachment-us_350_350_crop size-us_350_350_crop wp-post-image\" alt=\"\" loading=\"lazy\" srcset=\"https:\/\/uksfala.com.pl\/szkola-plywania\/wp-content\/uploads\/2019\/12\/5033682c-0a54-479a-96a3-4178161e5cff-2-350x350.jpg 350w, https:\/\/uksfala.com.pl\/szkola-plywania\/wp-content\/uploads\/2019\/12\/5033682c-0a54-479a-96a3-4178161e5cff-2-150x150.jpg 150w, https:\/\/uksfala.com.pl\/szkola-plywania\/wp-content\/uploads\/2019\/12\/5033682c-0a54-479a-96a3-4178161e5cff-2-600x600.jpg 600w\" sizes=\"(max-width: 350px) 100vw, 350px\" \/><\/a><\/div><h2 class=\"w-post-elm post_title usg_post_title_1 entry-title color_link_inherit\"><a href=\"https:\/\/uksfala.com.pl\/szkola-plywania\/mikolajkowe-zawody-o-puchar-wojta-gminy-nieporet\/\">Miko\u0142ajkowe Zawody o Puchar W\u00f3jta Gminy Niepor\u0119t<\/a><\/h2>\t\t<\/div>\r\n\t<\/article>\r\n\t<article class=\"w-grid-item post-22988 post type-post status-publish format-standard has-post-thumbnail hentry category-wydarzenia\" data-id=\"22988\">\r\n\t\t<div class=\"w-grid-item-h\">\r\n\t\t\t\t\t\t<div class=\"w-post-elm post_image usg_post_image_1 stretched\"><a href=\"https:\/\/uksfala.com.pl\/szkola-plywania\/organizacja-sezonu-2019-2020-dla-sekcji-sportowej\/\" aria-label=\"Organizacja sezonu 2019\/2020 dla Sekcji Sportowej\"><img width=\"350\" height=\"350\" src=\"https:\/\/uksfala.com.pl\/szkola-plywania\/wp-content\/uploads\/2019\/08\/AdobeStock_75071255-350x350.jpeg\" class=\"attachment-us_350_350_crop size-us_350_350_crop wp-post-image\" alt=\"\" loading=\"lazy\" srcset=\"https:\/\/uksfala.com.pl\/szkola-plywania\/wp-content\/uploads\/2019\/08\/AdobeStock_75071255-350x350.jpeg 350w, https:\/\/uksfala.com.pl\/szkola-plywania\/wp-content\/uploads\/2019\/08\/AdobeStock_75071255-150x150.jpeg 150w, https:\/\/uksfala.com.pl\/szkola-plywania\/wp-content\/uploads\/2019\/08\/AdobeStock_75071255-600x600.jpeg 600w\" sizes=\"(max-width: 350px) 100vw, 350px\" \/><\/a><\/div><h2 class=\"w-post-elm post_title usg_post_title_1 entry-title color_link_inherit\"><a href=\"https:\/\/uksfala.com.pl\/szkola-plywania\/organizacja-sezonu-2019-2020-dla-sekcji-sportowej\/\">Organizacja sezonu 2019\/2020 dla Sekcji Sportowej<\/a><\/h2>\t\t<\/div>\r\n\t<\/article>\r\n\t<article class=\"w-grid-item post-22781 post type-post status-publish format-standard has-post-thumbnail hentry category-porady\" data-id=\"22781\">\r\n\t\t<div class=\"w-grid-item-h\">\r\n\t\t\t\t\t\t<div class=\"w-post-elm post_image usg_post_image_1 stretched\"><a href=\"https:\/\/uksfala.com.pl\/szkola-plywania\/co-zabrac-na-wyjazd-letni\/\" aria-label=\"Co zabra\u0107 na wyjazd letni\"><img width=\"350\" height=\"350\" src=\"https:\/\/uksfala.com.pl\/szkola-plywania\/wp-content\/uploads\/2019\/04\/9a-350x350.jpg\" class=\"attachment-us_350_350_crop size-us_350_350_crop wp-post-image\" alt=\"\" loading=\"lazy\" srcset=\"https:\/\/uksfala.com.pl\/szkola-plywania\/wp-content\/uploads\/2019\/04\/9a-350x350.jpg 350w, https:\/\/uksfala.com.pl\/szkola-plywania\/wp-content\/uploads\/2019\/04\/9a-150x150.jpg 150w, https:\/\/uksfala.com.pl\/szkola-plywania\/wp-content\/uploads\/2019\/04\/9a-600x600.jpg 600w\" sizes=\"(max-width: 350px) 100vw, 350px\" \/><\/a><\/div><h2 class=\"w-post-elm post_title usg_post_title_1 entry-title color_link_inherit\"><a href=\"https:\/\/uksfala.com.pl\/szkola-plywania\/co-zabrac-na-wyjazd-letni\/\">Co zabra\u0107 na wyjazd letni<\/a><\/h2>\t\t<\/div>\r\n\t<\/article>\r\n\t<article class=\"w-grid-item size_1x1 post-1 post type-post status-publish format-standard has-post-thumbnail hentry category-obozy category-wyjazdy-letnie\" data-id=\"1\">\r\n\t\t<div class=\"w-grid-item-h\">\r\n\t\t\t\t\t\t<div class=\"w-post-elm post_image usg_post_image_1 stretched\"><a href=\"https:\/\/uksfala.com.pl\/szkola-plywania\/sportowy-oboz-plywackogorski-21-30-08-szczyrk\/\" aria-label=\"Sportowy Ob\u00f3z P\u0142ywacko &#8211; G\u00f3rski 21.08-30.08 Szczyrk\"><img width=\"350\" height=\"350\" src=\"https:\/\/uksfala.com.pl\/szkola-plywania\/wp-content\/uploads\/2019\/03\/55869056_1011799409009642_8074684674217082880_o-350x350.jpg\" class=\"attachment-us_350_350_crop size-us_350_350_crop wp-post-image\" alt=\"\" loading=\"lazy\" srcset=\"https:\/\/uksfala.com.pl\/szkola-plywania\/wp-content\/uploads\/2019\/03\/55869056_1011799409009642_8074684674217082880_o-350x350.jpg 350w, https:\/\/uksfala.com.pl\/szkola-plywania\/wp-content\/uploads\/2019\/03\/55869056_1011799409009642_8074684674217082880_o-150x150.jpg 150w, https:\/\/uksfala.com.pl\/szkola-plywania\/wp-content\/uploads\/2019\/03\/55869056_1011799409009642_8074684674217082880_o-600x600.jpg 600w\" sizes=\"(max-width: 350px) 100vw, 350px\" \/><\/a><\/div><h2 class=\"w-post-elm post_title usg_post_title_1 entry-title color_link_inherit\"><a href=\"https:\/\/uksfala.com.pl\/szkola-plywania\/sportowy-oboz-plywackogorski-21-30-08-szczyrk\/\">Sportowy Ob\u00f3z P\u0142ywacko &#8211; G\u00f3rski 21.08-30.08 Szczyrk<\/a><\/h2>\t\t<\/div>\r\n\t<\/article>\r\n<\/div><div class=\"w-grid-preloader\"><div class=\"g-preloader type_1\">\r\n\t<div><\/div>\r\n<\/div>\r\n<\/div>\t<div class=\"w-grid-json hidden\" onclick='return {&quot;action&quot;:&quot;us_ajax_grid&quot;,&quot;ajax_url&quot;:&quot;https:\\\/\\\/uksfala.com.pl\\\/szkola-plywania\\\/wp-admin\\\/admin-ajax.php&quot;,&quot;infinite_scroll&quot;:0,&quot;max_num_pages&quot;:1,&quot;pagination&quot;:&quot;regular&quot;,&quot;permalink_url&quot;:&quot;https:\\\/\\\/uksfala.com.pl\\\/szkola-plywania\\\/wp-json\\\/wp\\\/v2\\\/pages\\\/22802&quot;,&quot;template_vars&quot;:{&quot;columns&quot;:&quot;3&quot;,&quot;exclude_items&quot;:&quot;none&quot;,&quot;img_size&quot;:&quot;us_350_350_crop&quot;,&quot;ignore_items_size&quot;:false,&quot;items_layout&quot;:&quot;23309&quot;,&quot;items_offset&quot;:&quot;1&quot;,&quot;load_animation&quot;:&quot;none&quot;,&quot;overriding_link&quot;:&quot;none&quot;,&quot;post_id&quot;:22802,&quot;query_args&quot;:{&quot;post_type&quot;:[&quot;post&quot;],&quot;post_status&quot;:[&quot;publish&quot;],&quot;posts_per_page&quot;:&quot;10&quot;},&quot;orderby_query_args&quot;:{&quot;orderby&quot;:{&quot;date&quot;:&quot;DESC&quot;}},&quot;type&quot;:&quot;grid&quot;,&quot;us_grid_ajax_index&quot;:1,&quot;us_grid_filter_params&quot;:null,&quot;us_grid_index&quot;:1,&quot;_us_grid_post_type&quot;:&quot;post&quot;}}'><\/div>\r\n\t<\/div><\/div><\/div><\/div><\/div><\/div><\/section>\n","protected":false},"excerpt":{"rendered":"Zapraszamy serdecznie dzieci w wieku 6-15 lat na kolejn\u0105 edycj\u0119 letniego obozu sportowego. Nasz\u0105 baz\u0119 stanowi O\u015brodek Turystyczno Sportowy \u201cZagro\u0144\u201d, malowniczo po\u0142o\u017cony na zboczu Klimczoka z przepi\u0119knym widokiem na najwy\u017cszy szczyt Beskidu \u015al\u0105skiego \u2013 Skrzyczne. Trening P\u0142ywacki: Codzienne treningi p\u0142ywackie prowadzone b\u0119d\u0105 przez wykwalifikowan\u0105 kadr\u0119 instruktorsk\u0105. Grupy zostan\u0105 podzielone ze wzgl\u0119du na umiej\u0119tno\u015bci. Trenujemy na...","protected":false},"author":3,"featured_media":0,"parent":0,"menu_order":0,"comment_status":"closed","ping_status":"closed","template":"","meta":{"inline_featured_image":false},"_links":{"self":[{"href":"https:\/\/uksfala.com.pl\/szkola-plywania\/wp-json\/wp\/v2\/pages\/22802"}],"collection":[{"href":"https:\/\/uksfala.com.pl\/szkola-plywania\/wp-json\/wp\/v2\/pages"}],"about":[{"href":"https:\/\/uksfala.com.pl\/szkola-plywania\/wp-json\/wp\/v2\/types\/page"}],"author":[{"embeddable":true,"href":"https:\/\/uksfala.com.pl\/szkola-plywania\/wp-json\/wp\/v2\/users\/3"}],"replies":[{"embeddable":true,"href":"https:\/\/uksfala.com.pl\/szkola-plywania\/wp-json\/wp\/v2\/comments?post=22802"}],"version-history":[{"count":2,"href":"https:\/\/uksfala.com.pl\/szkola-plywania\/wp-json\/wp\/v2\/pages\/22802\/revisions"}],"predecessor-version":[{"id":23310,"href":"https:\/\/uksfala.com.pl\/szkola-plywania\/wp-json\/wp\/v2\/pages\/22802\/revisions\/23310"}],"wp:attachment":[{"href":"https:\/\/uksfala.com.pl\/szkola-plywania\/wp-json\/wp\/v2\/media?parent=22802"}],"curies":[{"name":"wp","href":"https:\/\/api.w.org\/{rel}","templated":true}]}}